{"id":88,"date":"2023-01-23T21:21:21","date_gmt":"2023-01-23T21:21:21","guid":{"rendered":"https:\/\/tudurazno.net\/canal8\/?page_id=88"},"modified":"2023-01-24T17:21:31","modified_gmt":"2023-01-24T17:21:31","slug":"telenoticias-2","status":"publish","type":"page","link":"https:\/\/tudurazno.net\/canal8\/telenoticias-2\/","title":{"rendered":"Telenoticias"},"content":{"rendered":"\t\t<div data-elementor-type=\"wp-page\" data-elementor-id=\"88\" class=\"elementor elementor-88\">\n\t\t\t\t\t\t<section class=\"elementor-section elementor-top-section elementor-element elementor-element-f3be800 elementor-section-boxed elementor-section-height-default elementor-section-height-default\" data-id=\"f3be800\" data-element_type=\"section\" data-e-type=\"section\">\n\t\t\t\t\t\t<div class=\"elementor-container elementor-column-gap-default\">\n\t\t\t\t\t<div class=\"elementor-column elementor-col-100 elementor-top-column elementor-element elementor-element-4cffa23\" data-id=\"4cffa23\" data-element_type=\"column\" data-e-type=\"column\">\n\t\t\t<div class=\"elementor-widget-wrap elementor-element-populated\">\n\t\t\t\t\t\t<div class=\"elementor-element elementor-element-88d0f42 elementor-widget elementor-widget-text-editor\" data-id=\"88d0f42\" data-element_type=\"widget\" data-e-type=\"widget\" data-widget_type=\"text-editor.default\">\n\t\t\t\t<div class=\"elementor-widget-container\">\n\t\t\t\t\t\t\t\t\t<p><span style=\"text-decoration: underline;\"><strong><span style=\"color: #000000; text-decoration: underline;\">TELENOTICIAS<\/span><\/strong><\/span><\/p><p><span style=\"color: #000000;\">El informativo de Canal Ocho<\/span><\/p><p><span style=\"color: #000000;\">Lunes a viernes a las 20 hs.<\/span><\/p>\t\t\t\t\t\t\t\t<\/div>\n\t\t\t\t<\/div>\n\t\t\t\t\t<\/div>\n\t\t<\/div>\n\t\t\t\t\t<\/div>\n\t\t<\/section>\n\t\t\t\t<section class=\"elementor-section elementor-top-section elementor-element elementor-element-abd6282 elementor-section-boxed elementor-section-height-default elementor-section-height-default\" data-id=\"abd6282\" data-element_type=\"section\" data-e-type=\"section\">\n\t\t\t\t\t\t<div class=\"elementor-container elementor-column-gap-default\">\n\t\t\t\t\t<div class=\"elementor-column elementor-col-50 elementor-top-column elementor-element elementor-element-ed4e6fd\" data-id=\"ed4e6fd\" data-element_type=\"column\" data-e-type=\"column\">\n\t\t\t<div class=\"elementor-widget-wrap\">\n\t\t\t\t\t\t\t<\/div>\n\t\t<\/div>\n\t\t\t\t<div class=\"elementor-column elementor-col-50 elementor-top-column elementor-element elementor-element-f8ba037\" data-id=\"f8ba037\" data-element_type=\"column\" data-e-type=\"column\">\n\t\t\t<div class=\"elementor-widget-wrap\">\n\t\t\t\t\t\t\t<\/div>\n\t\t<\/div>\n\t\t\t\t\t<\/div>\n\t\t<\/section>\n\t\t\t\t<section class=\"elementor-section elementor-top-section elementor-element elementor-element-7d19e83 elementor-section-boxed elementor-section-height-default elementor-section-height-default\" data-id=\"7d19e83\" data-element_type=\"section\" data-e-type=\"section\">\n\t\t\t\t\t\t<div class=\"elementor-container elementor-column-gap-default\">\n\t\t\t\t\t<div class=\"elementor-column elementor-col-100 elementor-top-column elementor-element elementor-element-261f67a\" data-id=\"261f67a\" data-element_type=\"column\" data-e-type=\"column\">\n\t\t\t<div class=\"elementor-widget-wrap elementor-element-populated\">\n\t\t\t\t\t\t<div class=\"elementor-element elementor-element-14be7c4 elementor-widget elementor-widget-wp-widget-nav_menu\" data-id=\"14be7c4\" data-element_type=\"widget\" data-e-type=\"widget\" data-widget_type=\"wp-widget-nav_menu.default\">\n\t\t\t\t<div class=\"elementor-widget-container\">\n\t\t\t\t\t<div class=\"menu-principal-container\"><ul id=\"menu-principal\" class=\"menu\"><li id=\"menu-item-18\" class=\"menu-item menu-item-type-post_type menu-item-object-page menu-item-home menu-item-18\"><a href=\"https:\/\/tudurazno.net\/canal8\/\">Inicio<\/a><\/li>\n<li id=\"menu-item-239\" class=\"menu-item menu-item-type-custom menu-item-object-custom menu-item-239\"><a href=\"https:\/\/tv.vera.com.uy\/content\/2s6pf\">Ver canal<\/a><\/li>\n<li id=\"menu-item-271\" class=\"menu-item menu-item-type-post_type menu-item-object-page menu-item-271\"><a href=\"https:\/\/tudurazno.net\/canal8\/videos\/\">Videos<\/a><\/li>\n<li id=\"menu-item-107\" class=\"menu-item menu-item-type-post_type menu-item-object-page menu-item-107\"><a href=\"https:\/\/tudurazno.net\/canal8\/telenoticias-2\/\">Telenoticias<\/a><\/li>\n<li id=\"menu-item-108\" class=\"menu-item menu-item-type-post_type menu-item-object-page menu-item-108\"><a href=\"https:\/\/tudurazno.net\/canal8\/la-manana\/\">La Ma\u00f1ana<\/a><\/li>\n<li id=\"menu-item-106\" class=\"menu-item menu-item-type-post_type menu-item-object-page menu-item-106\"><a href=\"https:\/\/tudurazno.net\/canal8\/el-ojo-blindado\/\">El Ojo Blindado<\/a><\/li>\n<li id=\"menu-item-240\" class=\"menu-item menu-item-type-custom menu-item-object-custom menu-item-240\"><a href=\"https:\/\/www.facebook.com\/CanalOchoDuraznoCablevision\/\">P\u00e1gina en Facebook<\/a><\/li>\n<li id=\"menu-item-187\" class=\"menu-item menu-item-type-custom menu-item-object-custom menu-item-187\"><a href=\"https:\/\/www.youtube.com\/@canalochodurazno6309\">Nuestros videos en YouTube<\/a><\/li>\n<li id=\"menu-item-177\" class=\"menu-item menu-item-type-post_type menu-item-object-page menu-item-177\"><a href=\"https:\/\/tudurazno.net\/canal8\/contacto\/\">Contacto<\/a><\/li>\n<\/ul><\/div>\t\t\t\t<\/div>\n\t\t\t\t<\/div>\n\t\t\t\t\t<\/div>\n\t\t<\/div>\n\t\t\t\t\t<\/div>\n\t\t<\/section>\n\t\t\t\t<\/div>\n\t\t","protected":false},"excerpt":{"rendered":"<p>TELENOTICIAS El informativo de Canal Ocho Lunes a viernes a las 20 hs.<\/p>\n","protected":false},"author":1,"featured_media":94,"parent":0,"menu_order":0,"comment_status":"closed","ping_status":"closed","template":"","meta":{"footnotes":""},"class_list":["post-88","page","type-page","status-publish","has-post-thumbnail","hentry"],"yoast_head":"<!-- This site is optimized with the Yoast SEO plugin v27.6 - https:\/\/yoast.com\/product\/yoast-seo-wordpress\/ -->\n<title>Telenoticias - Canal Ocho Durazno<\/title>\n<meta name=\"description\" content=\"Telenoticias. El informativo de Canal Ocho de Cablevisi\u00f3n Durazno. Adem\u00e1s publicaci\u00f3n de noticias en las redes sociales en el momento.\" \/>\n<meta name=\"robots\" content=\"index, follow, max-snippet:-1, max-image-preview:large, max-video-preview:-1\" \/>\n<link rel=\"canonical\" href=\"https:\/\/tudurazno.net\/canal8\/telenoticias-2\/\" \/>\n<meta property=\"og:locale\" content=\"es_ES\" \/>\n<meta property=\"og:type\" content=\"article\" \/>\n<meta property=\"og:title\" content=\"Telenoticias - Canal Ocho Durazno\" \/>\n<meta property=\"og:description\" content=\"Telenoticias. El informativo de Canal Ocho de Cablevisi\u00f3n Durazno. Adem\u00e1s publicaci\u00f3n de noticias en las redes sociales en el momento.\" \/>\n<meta property=\"og:url\" content=\"https:\/\/tudurazno.net\/canal8\/telenoticias-2\/\" \/>\n<meta property=\"og:site_name\" content=\"Canal Ocho Durazno\" \/>\n<meta property=\"article:publisher\" content=\"https:\/\/es-la.facebook.com\/telenoticiasocho\/\" \/>\n<meta property=\"article:modified_time\" content=\"2023-01-24T17:21:31+00:00\" \/>\n<meta property=\"og:image\" content=\"https:\/\/tudurazno.net\/canal8\/wp-content\/uploads\/2023\/01\/295004083_541506417704774_7400212666095138249_n.jpg\" \/>\n\t<meta property=\"og:image:width\" content=\"960\" \/>\n\t<meta property=\"og:image:height\" content=\"540\" \/>\n\t<meta property=\"og:image:type\" content=\"image\/jpeg\" \/>\n<meta name=\"twitter:card\" content=\"summary_large_image\" \/>\n<meta name=\"twitter:site\" content=\"@canal8durazno\" \/>\n<meta name=\"twitter:label1\" content=\"Tiempo de lectura\" \/>\n\t<meta name=\"twitter:data1\" content=\"1 minuto\" \/>\n<script type=\"application\/ld+json\" class=\"yoast-schema-graph\">{\"@context\":\"https:\\\/\\\/schema.org\",\"@graph\":[{\"@type\":\"WebPage\",\"@id\":\"https:\\\/\\\/tudurazno.net\\\/canal8\\\/telenoticias-2\\\/\",\"url\":\"https:\\\/\\\/tudurazno.net\\\/canal8\\\/telenoticias-2\\\/\",\"name\":\"Telenoticias - Canal Ocho Durazno\",\"isPartOf\":{\"@id\":\"https:\\\/\\\/tudurazno.net\\\/canal8\\\/#website\"},\"primaryImageOfPage\":{\"@id\":\"https:\\\/\\\/tudurazno.net\\\/canal8\\\/telenoticias-2\\\/#primaryimage\"},\"image\":{\"@id\":\"https:\\\/\\\/tudurazno.net\\\/canal8\\\/telenoticias-2\\\/#primaryimage\"},\"thumbnailUrl\":\"https:\\\/\\\/tudurazno.net\\\/canal8\\\/wp-content\\\/uploads\\\/2023\\\/01\\\/295004083_541506417704774_7400212666095138249_n.jpg\",\"datePublished\":\"2023-01-23T21:21:21+00:00\",\"dateModified\":\"2023-01-24T17:21:31+00:00\",\"description\":\"Telenoticias. El informativo de Canal Ocho de Cablevisi\u00f3n Durazno. Adem\u00e1s publicaci\u00f3n de noticias en las redes sociales en el momento.\",\"breadcrumb\":{\"@id\":\"https:\\\/\\\/tudurazno.net\\\/canal8\\\/telenoticias-2\\\/#breadcrumb\"},\"inLanguage\":\"es\",\"potentialAction\":[{\"@type\":\"ReadAction\",\"target\":[\"https:\\\/\\\/tudurazno.net\\\/canal8\\\/telenoticias-2\\\/\"]}]},{\"@type\":\"ImageObject\",\"inLanguage\":\"es\",\"@id\":\"https:\\\/\\\/tudurazno.net\\\/canal8\\\/telenoticias-2\\\/#primaryimage\",\"url\":\"https:\\\/\\\/tudurazno.net\\\/canal8\\\/wp-content\\\/uploads\\\/2023\\\/01\\\/295004083_541506417704774_7400212666095138249_n.jpg\",\"contentUrl\":\"https:\\\/\\\/tudurazno.net\\\/canal8\\\/wp-content\\\/uploads\\\/2023\\\/01\\\/295004083_541506417704774_7400212666095138249_n.jpg\",\"width\":960,\"height\":540,\"caption\":\"Telenoticias\"},{\"@type\":\"BreadcrumbList\",\"@id\":\"https:\\\/\\\/tudurazno.net\\\/canal8\\\/telenoticias-2\\\/#breadcrumb\",\"itemListElement\":[{\"@type\":\"ListItem\",\"position\":1,\"name\":\"Portada\",\"item\":\"https:\\\/\\\/tudurazno.net\\\/canal8\\\/\"},{\"@type\":\"ListItem\",\"position\":2,\"name\":\"Telenoticias\"}]},{\"@type\":\"WebSite\",\"@id\":\"https:\\\/\\\/tudurazno.net\\\/canal8\\\/#website\",\"url\":\"https:\\\/\\\/tudurazno.net\\\/canal8\\\/\",\"name\":\"Canal Ocho Durazno\",\"description\":\"Canal Ocho de Cablevisi\u00f3n Durazno\",\"publisher\":{\"@id\":\"https:\\\/\\\/tudurazno.net\\\/canal8\\\/#organization\"},\"potentialAction\":[{\"@type\":\"SearchAction\",\"target\":{\"@type\":\"EntryPoint\",\"urlTemplate\":\"https:\\\/\\\/tudurazno.net\\\/canal8\\\/?s={search_term_string}\"},\"query-input\":{\"@type\":\"PropertyValueSpecification\",\"valueRequired\":true,\"valueName\":\"search_term_string\"}}],\"inLanguage\":\"es\"},{\"@type\":\"Organization\",\"@id\":\"https:\\\/\\\/tudurazno.net\\\/canal8\\\/#organization\",\"name\":\"Canal Ocho Durazno\",\"url\":\"https:\\\/\\\/tudurazno.net\\\/canal8\\\/\",\"logo\":{\"@type\":\"ImageObject\",\"inLanguage\":\"es\",\"@id\":\"https:\\\/\\\/tudurazno.net\\\/canal8\\\/#\\\/schema\\\/logo\\\/image\\\/\",\"url\":\"https:\\\/\\\/tudurazno.net\\\/canal8\\\/wp-content\\\/uploads\\\/2023\\\/01\\\/canal-8.jpg\",\"contentUrl\":\"https:\\\/\\\/tudurazno.net\\\/canal8\\\/wp-content\\\/uploads\\\/2023\\\/01\\\/canal-8.jpg\",\"width\":900,\"height\":900,\"caption\":\"Canal Ocho Durazno\"},\"image\":{\"@id\":\"https:\\\/\\\/tudurazno.net\\\/canal8\\\/#\\\/schema\\\/logo\\\/image\\\/\"},\"sameAs\":[\"https:\\\/\\\/es-la.facebook.com\\\/telenoticiasocho\\\/\",\"https:\\\/\\\/x.com\\\/canal8durazno\"]}]}<\/script>\n<!-- \/ Yoast SEO plugin. -->","yoast_head_json":{"title":"Telenoticias - Canal Ocho Durazno","description":"Telenoticias. El informativo de Canal Ocho de Cablevisi\u00f3n Durazno. Adem\u00e1s publicaci\u00f3n de noticias en las redes sociales en el momento.","robots":{"index":"index","follow":"follow","max-snippet":"max-snippet:-1","max-image-preview":"max-image-preview:large","max-video-preview":"max-video-preview:-1"},"canonical":"https:\/\/tudurazno.net\/canal8\/telenoticias-2\/","og_locale":"es_ES","og_type":"article","og_title":"Telenoticias - Canal Ocho Durazno","og_description":"Telenoticias. El informativo de Canal Ocho de Cablevisi\u00f3n Durazno. Adem\u00e1s publicaci\u00f3n de noticias en las redes sociales en el momento.","og_url":"https:\/\/tudurazno.net\/canal8\/telenoticias-2\/","og_site_name":"Canal Ocho Durazno","article_publisher":"https:\/\/es-la.facebook.com\/telenoticiasocho\/","article_modified_time":"2023-01-24T17:21:31+00:00","og_image":[{"width":960,"height":540,"url":"https:\/\/tudurazno.net\/canal8\/wp-content\/uploads\/2023\/01\/295004083_541506417704774_7400212666095138249_n.jpg","type":"image\/jpeg"}],"twitter_card":"summary_large_image","twitter_site":"@canal8durazno","twitter_misc":{"Tiempo de lectura":"1 minuto"},"schema":{"@context":"https:\/\/schema.org","@graph":[{"@type":"WebPage","@id":"https:\/\/tudurazno.net\/canal8\/telenoticias-2\/","url":"https:\/\/tudurazno.net\/canal8\/telenoticias-2\/","name":"Telenoticias - Canal Ocho Durazno","isPartOf":{"@id":"https:\/\/tudurazno.net\/canal8\/#website"},"primaryImageOfPage":{"@id":"https:\/\/tudurazno.net\/canal8\/telenoticias-2\/#primaryimage"},"image":{"@id":"https:\/\/tudurazno.net\/canal8\/telenoticias-2\/#primaryimage"},"thumbnailUrl":"https:\/\/tudurazno.net\/canal8\/wp-content\/uploads\/2023\/01\/295004083_541506417704774_7400212666095138249_n.jpg","datePublished":"2023-01-23T21:21:21+00:00","dateModified":"2023-01-24T17:21:31+00:00","description":"Telenoticias. El informativo de Canal Ocho de Cablevisi\u00f3n Durazno. Adem\u00e1s publicaci\u00f3n de noticias en las redes sociales en el momento.","breadcrumb":{"@id":"https:\/\/tudurazno.net\/canal8\/telenoticias-2\/#breadcrumb"},"inLanguage":"es","potentialAction":[{"@type":"ReadAction","target":["https:\/\/tudurazno.net\/canal8\/telenoticias-2\/"]}]},{"@type":"ImageObject","inLanguage":"es","@id":"https:\/\/tudurazno.net\/canal8\/telenoticias-2\/#primaryimage","url":"https:\/\/tudurazno.net\/canal8\/wp-content\/uploads\/2023\/01\/295004083_541506417704774_7400212666095138249_n.jpg","contentUrl":"https:\/\/tudurazno.net\/canal8\/wp-content\/uploads\/2023\/01\/295004083_541506417704774_7400212666095138249_n.jpg","width":960,"height":540,"caption":"Telenoticias"},{"@type":"BreadcrumbList","@id":"https:\/\/tudurazno.net\/canal8\/telenoticias-2\/#breadcrumb","itemListElement":[{"@type":"ListItem","position":1,"name":"Portada","item":"https:\/\/tudurazno.net\/canal8\/"},{"@type":"ListItem","position":2,"name":"Telenoticias"}]},{"@type":"WebSite","@id":"https:\/\/tudurazno.net\/canal8\/#website","url":"https:\/\/tudurazno.net\/canal8\/","name":"Canal Ocho Durazno","description":"Canal Ocho de Cablevisi\u00f3n Durazno","publisher":{"@id":"https:\/\/tudurazno.net\/canal8\/#organization"},"potentialAction":[{"@type":"SearchAction","target":{"@type":"EntryPoint","urlTemplate":"https:\/\/tudurazno.net\/canal8\/?s={search_term_string}"},"query-input":{"@type":"PropertyValueSpecification","valueRequired":true,"valueName":"search_term_string"}}],"inLanguage":"es"},{"@type":"Organization","@id":"https:\/\/tudurazno.net\/canal8\/#organization","name":"Canal Ocho Durazno","url":"https:\/\/tudurazno.net\/canal8\/","logo":{"@type":"ImageObject","inLanguage":"es","@id":"https:\/\/tudurazno.net\/canal8\/#\/schema\/logo\/image\/","url":"https:\/\/tudurazno.net\/canal8\/wp-content\/uploads\/2023\/01\/canal-8.jpg","contentUrl":"https:\/\/tudurazno.net\/canal8\/wp-content\/uploads\/2023\/01\/canal-8.jpg","width":900,"height":900,"caption":"Canal Ocho Durazno"},"image":{"@id":"https:\/\/tudurazno.net\/canal8\/#\/schema\/logo\/image\/"},"sameAs":["https:\/\/es-la.facebook.com\/telenoticiasocho\/","https:\/\/x.com\/canal8durazno"]}]}},"_links":{"self":[{"href":"https:\/\/tudurazno.net\/canal8\/wp-json\/wp\/v2\/pages\/88","targetHints":{"allow":["GET"]}}],"collection":[{"href":"https:\/\/tudurazno.net\/canal8\/wp-json\/wp\/v2\/pages"}],"about":[{"href":"https:\/\/tudurazno.net\/canal8\/wp-json\/wp\/v2\/types\/page"}],"author":[{"embeddable":true,"href":"https:\/\/tudurazno.net\/canal8\/wp-json\/wp\/v2\/users\/1"}],"replies":[{"embeddable":true,"href":"https:\/\/tudurazno.net\/canal8\/wp-json\/wp\/v2\/comments?post=88"}],"version-history":[{"count":21,"href":"https:\/\/tudurazno.net\/canal8\/wp-json\/wp\/v2\/pages\/88\/revisions"}],"predecessor-version":[{"id":260,"href":"https:\/\/tudurazno.net\/canal8\/wp-json\/wp\/v2\/pages\/88\/revisions\/260"}],"wp:featuredmedia":[{"embeddable":true,"href":"https:\/\/tudurazno.net\/canal8\/wp-json\/wp\/v2\/media\/94"}],"wp:attachment":[{"href":"https:\/\/tudurazno.net\/canal8\/wp-json\/wp\/v2\/media?parent=88"}],"curies":[{"name":"wp","href":"https:\/\/api.w.org\/{rel}","templated":true}]}}