{"id":79,"date":"2023-01-23T21:17:17","date_gmt":"2023-01-23T21:17:17","guid":{"rendered":"https:\/\/tudurazno.net\/canal8\/?page_id=79"},"modified":"2023-01-24T17:20:42","modified_gmt":"2023-01-24T17:20:42","slug":"la-manana","status":"publish","type":"page","link":"https:\/\/tudurazno.net\/canal8\/la-manana\/","title":{"rendered":"La Ma\u00f1ana"},"content":{"rendered":"\t\t<div data-elementor-type=\"wp-page\" data-elementor-id=\"79\" class=\"elementor elementor-79\">\n\t\t\t\t\t\t<section class=\"elementor-section elementor-top-section elementor-element elementor-element-718c41b elementor-section-boxed elementor-section-height-default elementor-section-height-default\" data-id=\"718c41b\" data-element_type=\"section\" data-e-type=\"section\">\n\t\t\t\t\t\t<div class=\"elementor-container elementor-column-gap-default\">\n\t\t\t\t\t<div class=\"elementor-column elementor-col-100 elementor-top-column elementor-element elementor-element-4b98fdf\" data-id=\"4b98fdf\" data-element_type=\"column\" data-e-type=\"column\">\n\t\t\t<div class=\"elementor-widget-wrap elementor-element-populated\">\n\t\t\t\t\t\t<div class=\"elementor-element elementor-element-4286cec elementor-widget elementor-widget-text-editor\" data-id=\"4286cec\" data-element_type=\"widget\" data-e-type=\"widget\" data-widget_type=\"text-editor.default\">\n\t\t\t\t<div class=\"elementor-widget-container\">\n\t\t\t\t\t\t\t\t\t<p><span style=\"text-decoration: underline;\"><strong><span style=\"color: #000000; text-decoration: underline;\">La Ma\u00f1ana<\/span><\/strong><\/span><\/p><p><span style=\"color: #000000;\">Magazine con informaci\u00f3n, noticias, actualidad, entrevistas y comunicaci\u00f3n.<\/span><\/p><p><span style=\"color: #000000;\">Lunes a viernes 9 hs.<\/span><\/p>\t\t\t\t\t\t\t\t<\/div>\n\t\t\t\t<\/div>\n\t\t\t\t\t<\/div>\n\t\t<\/div>\n\t\t\t\t\t<\/div>\n\t\t<\/section>\n\t\t\t\t<section class=\"elementor-section elementor-top-section elementor-element elementor-element-f3be800 elementor-section-boxed elementor-section-height-default elementor-section-height-default\" data-id=\"f3be800\" data-element_type=\"section\" data-e-type=\"section\">\n\t\t\t\t\t\t<div class=\"elementor-container elementor-column-gap-default\">\n\t\t\t\t\t<div class=\"elementor-column elementor-col-100 elementor-top-column elementor-element elementor-element-4cffa23\" data-id=\"4cffa23\" data-element_type=\"column\" data-e-type=\"column\">\n\t\t\t<div class=\"elementor-widget-wrap\">\n\t\t\t\t\t\t\t<\/div>\n\t\t<\/div>\n\t\t\t\t\t<\/div>\n\t\t<\/section>\n\t\t\t\t<section class=\"elementor-section elementor-top-section elementor-element elementor-element-20d299c elementor-section-boxed elementor-section-height-default elementor-section-height-default\" data-id=\"20d299c\" data-element_type=\"section\" data-e-type=\"section\">\n\t\t\t\t\t\t<div class=\"elementor-container elementor-column-gap-default\">\n\t\t\t\t\t<div class=\"elementor-column elementor-col-50 elementor-top-column elementor-element elementor-element-3802ac7\" data-id=\"3802ac7\" data-element_type=\"column\" data-e-type=\"column\">\n\t\t\t<div class=\"elementor-widget-wrap\">\n\t\t\t\t\t\t\t<\/div>\n\t\t<\/div>\n\t\t\t\t<div class=\"elementor-column elementor-col-50 elementor-top-column elementor-element elementor-element-a67e240\" data-id=\"a67e240\" data-element_type=\"column\" data-e-type=\"column\">\n\t\t\t<div class=\"elementor-widget-wrap\">\n\t\t\t\t\t\t\t<\/div>\n\t\t<\/div>\n\t\t\t\t\t<\/div>\n\t\t<\/section>\n\t\t\t\t<section class=\"elementor-section elementor-top-section elementor-element elementor-element-e72655b elementor-section-boxed elementor-section-height-default elementor-section-height-default\" data-id=\"e72655b\" data-element_type=\"section\" data-e-type=\"section\">\n\t\t\t\t\t\t<div class=\"elementor-container elementor-column-gap-default\">\n\t\t\t\t\t<div class=\"elementor-column elementor-col-100 elementor-top-column elementor-element elementor-element-b5b0d11\" data-id=\"b5b0d11\" data-element_type=\"column\" data-e-type=\"column\">\n\t\t\t<div class=\"elementor-widget-wrap elementor-element-populated\">\n\t\t\t\t\t\t<div class=\"elementor-element elementor-element-4739a6a elementor-widget elementor-widget-wp-widget-nav_menu\" data-id=\"4739a6a\" data-element_type=\"widget\" data-e-type=\"widget\" data-widget_type=\"wp-widget-nav_menu.default\">\n\t\t\t\t<div class=\"elementor-widget-container\">\n\t\t\t\t\t<div class=\"menu-principal-container\"><ul id=\"menu-principal\" class=\"menu\"><li id=\"menu-item-18\" class=\"menu-item menu-item-type-post_type menu-item-object-page menu-item-home menu-item-18\"><a href=\"https:\/\/tudurazno.net\/canal8\/\">Inicio<\/a><\/li>\n<li id=\"menu-item-239\" class=\"menu-item menu-item-type-custom menu-item-object-custom menu-item-239\"><a href=\"https:\/\/tv.vera.com.uy\/content\/2s6pf\">Ver canal<\/a><\/li>\n<li id=\"menu-item-271\" class=\"menu-item menu-item-type-post_type menu-item-object-page menu-item-271\"><a href=\"https:\/\/tudurazno.net\/canal8\/videos\/\">Videos<\/a><\/li>\n<li id=\"menu-item-107\" class=\"menu-item menu-item-type-post_type menu-item-object-page menu-item-107\"><a href=\"https:\/\/tudurazno.net\/canal8\/telenoticias-2\/\">Telenoticias<\/a><\/li>\n<li id=\"menu-item-108\" class=\"menu-item menu-item-type-post_type menu-item-object-page menu-item-108\"><a href=\"https:\/\/tudurazno.net\/canal8\/la-manana\/\">La Ma\u00f1ana<\/a><\/li>\n<li id=\"menu-item-106\" class=\"menu-item menu-item-type-post_type menu-item-object-page menu-item-106\"><a href=\"https:\/\/tudurazno.net\/canal8\/el-ojo-blindado\/\">El Ojo Blindado<\/a><\/li>\n<li id=\"menu-item-240\" class=\"menu-item menu-item-type-custom menu-item-object-custom menu-item-240\"><a href=\"https:\/\/www.facebook.com\/CanalOchoDuraznoCablevision\/\">P\u00e1gina en Facebook<\/a><\/li>\n<li id=\"menu-item-187\" class=\"menu-item menu-item-type-custom menu-item-object-custom menu-item-187\"><a href=\"https:\/\/www.youtube.com\/@canalochodurazno6309\">Nuestros videos en YouTube<\/a><\/li>\n<li id=\"menu-item-177\" class=\"menu-item menu-item-type-post_type menu-item-object-page menu-item-177\"><a href=\"https:\/\/tudurazno.net\/canal8\/contacto\/\">Contacto<\/a><\/li>\n<\/ul><\/div>\t\t\t\t<\/div>\n\t\t\t\t<\/div>\n\t\t\t\t\t<\/div>\n\t\t<\/div>\n\t\t\t\t\t<\/div>\n\t\t<\/section>\n\t\t\t\t<\/div>\n\t\t","protected":false},"excerpt":{"rendered":"<p>La Ma\u00f1ana Magazine con informaci\u00f3n, noticias, actualidad, entrevistas y comunicaci\u00f3n. Lunes a viernes 9 hs.<\/p>\n","protected":false},"author":1,"featured_media":92,"parent":0,"menu_order":0,"comment_status":"closed","ping_status":"closed","template":"","meta":{"footnotes":""},"class_list":["post-79","page","type-page","status-publish","has-post-thumbnail","hentry"],"yoast_head":"<!-- This site is optimized with the Yoast SEO plugin v27.6 - https:\/\/yoast.com\/product\/yoast-seo-wordpress\/ -->\n<title>La Ma\u00f1ana - Canal Ocho Durazno<\/title>\n<meta name=\"description\" content=\"La Ma\u00f1ana: Magazine matutino de Canal Ocho de Cablevisi\u00f3n Durazno. Actualidad, entrevistas, informaci\u00f3n y comunicaci\u00f3n con los televidentes.\" \/>\n<meta name=\"robots\" content=\"index, follow, max-snippet:-1, max-image-preview:large, max-video-preview:-1\" \/>\n<link rel=\"canonical\" href=\"https:\/\/tudurazno.net\/canal8\/la-manana\/\" \/>\n<meta property=\"og:locale\" content=\"es_ES\" \/>\n<meta property=\"og:type\" content=\"article\" \/>\n<meta property=\"og:title\" content=\"La Ma\u00f1ana - Canal Ocho Durazno\" \/>\n<meta property=\"og:description\" content=\"La Ma\u00f1ana: Magazine matutino de Canal Ocho de Cablevisi\u00f3n Durazno. Actualidad, entrevistas, informaci\u00f3n y comunicaci\u00f3n con los televidentes.\" \/>\n<meta property=\"og:url\" content=\"https:\/\/tudurazno.net\/canal8\/la-manana\/\" \/>\n<meta property=\"og:site_name\" content=\"Canal Ocho Durazno\" \/>\n<meta property=\"article:publisher\" content=\"https:\/\/es-la.facebook.com\/telenoticiasocho\/\" \/>\n<meta property=\"article:modified_time\" content=\"2023-01-24T17:20:42+00:00\" \/>\n<meta property=\"og:image\" content=\"https:\/\/tudurazno.net\/canal8\/wp-content\/uploads\/2023\/01\/screen-1.jpg\" \/>\n\t<meta property=\"og:image:width\" content=\"475\" \/>\n\t<meta property=\"og:image:height\" content=\"355\" \/>\n\t<meta property=\"og:image:type\" content=\"image\/jpeg\" \/>\n<meta name=\"twitter:card\" content=\"summary_large_image\" \/>\n<meta name=\"twitter:site\" content=\"@canal8durazno\" \/>\n<meta name=\"twitter:label1\" content=\"Tiempo de lectura\" \/>\n\t<meta name=\"twitter:data1\" content=\"1 minuto\" \/>\n<script type=\"application\/ld+json\" class=\"yoast-schema-graph\">{\"@context\":\"https:\\\/\\\/schema.org\",\"@graph\":[{\"@type\":\"WebPage\",\"@id\":\"https:\\\/\\\/tudurazno.net\\\/canal8\\\/la-manana\\\/\",\"url\":\"https:\\\/\\\/tudurazno.net\\\/canal8\\\/la-manana\\\/\",\"name\":\"La Ma\u00f1ana - Canal Ocho Durazno\",\"isPartOf\":{\"@id\":\"https:\\\/\\\/tudurazno.net\\\/canal8\\\/#website\"},\"primaryImageOfPage\":{\"@id\":\"https:\\\/\\\/tudurazno.net\\\/canal8\\\/la-manana\\\/#primaryimage\"},\"image\":{\"@id\":\"https:\\\/\\\/tudurazno.net\\\/canal8\\\/la-manana\\\/#primaryimage\"},\"thumbnailUrl\":\"https:\\\/\\\/tudurazno.net\\\/canal8\\\/wp-content\\\/uploads\\\/2023\\\/01\\\/screen-1.jpg\",\"datePublished\":\"2023-01-23T21:17:17+00:00\",\"dateModified\":\"2023-01-24T17:20:42+00:00\",\"description\":\"La Ma\u00f1ana: Magazine matutino de Canal Ocho de Cablevisi\u00f3n Durazno. Actualidad, entrevistas, informaci\u00f3n y comunicaci\u00f3n con los televidentes.\",\"breadcrumb\":{\"@id\":\"https:\\\/\\\/tudurazno.net\\\/canal8\\\/la-manana\\\/#breadcrumb\"},\"inLanguage\":\"es\",\"potentialAction\":[{\"@type\":\"ReadAction\",\"target\":[\"https:\\\/\\\/tudurazno.net\\\/canal8\\\/la-manana\\\/\"]}]},{\"@type\":\"ImageObject\",\"inLanguage\":\"es\",\"@id\":\"https:\\\/\\\/tudurazno.net\\\/canal8\\\/la-manana\\\/#primaryimage\",\"url\":\"https:\\\/\\\/tudurazno.net\\\/canal8\\\/wp-content\\\/uploads\\\/2023\\\/01\\\/screen-1.jpg\",\"contentUrl\":\"https:\\\/\\\/tudurazno.net\\\/canal8\\\/wp-content\\\/uploads\\\/2023\\\/01\\\/screen-1.jpg\",\"width\":475,\"height\":355},{\"@type\":\"BreadcrumbList\",\"@id\":\"https:\\\/\\\/tudurazno.net\\\/canal8\\\/la-manana\\\/#breadcrumb\",\"itemListElement\":[{\"@type\":\"ListItem\",\"position\":1,\"name\":\"Portada\",\"item\":\"https:\\\/\\\/tudurazno.net\\\/canal8\\\/\"},{\"@type\":\"ListItem\",\"position\":2,\"name\":\"La Ma\u00f1ana\"}]},{\"@type\":\"WebSite\",\"@id\":\"https:\\\/\\\/tudurazno.net\\\/canal8\\\/#website\",\"url\":\"https:\\\/\\\/tudurazno.net\\\/canal8\\\/\",\"name\":\"Canal Ocho Durazno\",\"description\":\"Canal Ocho de Cablevisi\u00f3n Durazno\",\"publisher\":{\"@id\":\"https:\\\/\\\/tudurazno.net\\\/canal8\\\/#organization\"},\"potentialAction\":[{\"@type\":\"SearchAction\",\"target\":{\"@type\":\"EntryPoint\",\"urlTemplate\":\"https:\\\/\\\/tudurazno.net\\\/canal8\\\/?s={search_term_string}\"},\"query-input\":{\"@type\":\"PropertyValueSpecification\",\"valueRequired\":true,\"valueName\":\"search_term_string\"}}],\"inLanguage\":\"es\"},{\"@type\":\"Organization\",\"@id\":\"https:\\\/\\\/tudurazno.net\\\/canal8\\\/#organization\",\"name\":\"Canal Ocho Durazno\",\"url\":\"https:\\\/\\\/tudurazno.net\\\/canal8\\\/\",\"logo\":{\"@type\":\"ImageObject\",\"inLanguage\":\"es\",\"@id\":\"https:\\\/\\\/tudurazno.net\\\/canal8\\\/#\\\/schema\\\/logo\\\/image\\\/\",\"url\":\"https:\\\/\\\/tudurazno.net\\\/canal8\\\/wp-content\\\/uploads\\\/2023\\\/01\\\/canal-8.jpg\",\"contentUrl\":\"https:\\\/\\\/tudurazno.net\\\/canal8\\\/wp-content\\\/uploads\\\/2023\\\/01\\\/canal-8.jpg\",\"width\":900,\"height\":900,\"caption\":\"Canal Ocho Durazno\"},\"image\":{\"@id\":\"https:\\\/\\\/tudurazno.net\\\/canal8\\\/#\\\/schema\\\/logo\\\/image\\\/\"},\"sameAs\":[\"https:\\\/\\\/es-la.facebook.com\\\/telenoticiasocho\\\/\",\"https:\\\/\\\/x.com\\\/canal8durazno\"]}]}<\/script>\n<!-- \/ Yoast SEO plugin. -->","yoast_head_json":{"title":"La Ma\u00f1ana - Canal Ocho Durazno","description":"La Ma\u00f1ana: Magazine matutino de Canal Ocho de Cablevisi\u00f3n Durazno. Actualidad, entrevistas, informaci\u00f3n y comunicaci\u00f3n con los televidentes.","robots":{"index":"index","follow":"follow","max-snippet":"max-snippet:-1","max-image-preview":"max-image-preview:large","max-video-preview":"max-video-preview:-1"},"canonical":"https:\/\/tudurazno.net\/canal8\/la-manana\/","og_locale":"es_ES","og_type":"article","og_title":"La Ma\u00f1ana - Canal Ocho Durazno","og_description":"La Ma\u00f1ana: Magazine matutino de Canal Ocho de Cablevisi\u00f3n Durazno. Actualidad, entrevistas, informaci\u00f3n y comunicaci\u00f3n con los televidentes.","og_url":"https:\/\/tudurazno.net\/canal8\/la-manana\/","og_site_name":"Canal Ocho Durazno","article_publisher":"https:\/\/es-la.facebook.com\/telenoticiasocho\/","article_modified_time":"2023-01-24T17:20:42+00:00","og_image":[{"width":475,"height":355,"url":"https:\/\/tudurazno.net\/canal8\/wp-content\/uploads\/2023\/01\/screen-1.jpg","type":"image\/jpeg"}],"twitter_card":"summary_large_image","twitter_site":"@canal8durazno","twitter_misc":{"Tiempo de lectura":"1 minuto"},"schema":{"@context":"https:\/\/schema.org","@graph":[{"@type":"WebPage","@id":"https:\/\/tudurazno.net\/canal8\/la-manana\/","url":"https:\/\/tudurazno.net\/canal8\/la-manana\/","name":"La Ma\u00f1ana - Canal Ocho Durazno","isPartOf":{"@id":"https:\/\/tudurazno.net\/canal8\/#website"},"primaryImageOfPage":{"@id":"https:\/\/tudurazno.net\/canal8\/la-manana\/#primaryimage"},"image":{"@id":"https:\/\/tudurazno.net\/canal8\/la-manana\/#primaryimage"},"thumbnailUrl":"https:\/\/tudurazno.net\/canal8\/wp-content\/uploads\/2023\/01\/screen-1.jpg","datePublished":"2023-01-23T21:17:17+00:00","dateModified":"2023-01-24T17:20:42+00:00","description":"La Ma\u00f1ana: Magazine matutino de Canal Ocho de Cablevisi\u00f3n Durazno. Actualidad, entrevistas, informaci\u00f3n y comunicaci\u00f3n con los televidentes.","breadcrumb":{"@id":"https:\/\/tudurazno.net\/canal8\/la-manana\/#breadcrumb"},"inLanguage":"es","potentialAction":[{"@type":"ReadAction","target":["https:\/\/tudurazno.net\/canal8\/la-manana\/"]}]},{"@type":"ImageObject","inLanguage":"es","@id":"https:\/\/tudurazno.net\/canal8\/la-manana\/#primaryimage","url":"https:\/\/tudurazno.net\/canal8\/wp-content\/uploads\/2023\/01\/screen-1.jpg","contentUrl":"https:\/\/tudurazno.net\/canal8\/wp-content\/uploads\/2023\/01\/screen-1.jpg","width":475,"height":355},{"@type":"BreadcrumbList","@id":"https:\/\/tudurazno.net\/canal8\/la-manana\/#breadcrumb","itemListElement":[{"@type":"ListItem","position":1,"name":"Portada","item":"https:\/\/tudurazno.net\/canal8\/"},{"@type":"ListItem","position":2,"name":"La Ma\u00f1ana"}]},{"@type":"WebSite","@id":"https:\/\/tudurazno.net\/canal8\/#website","url":"https:\/\/tudurazno.net\/canal8\/","name":"Canal Ocho Durazno","description":"Canal Ocho de Cablevisi\u00f3n Durazno","publisher":{"@id":"https:\/\/tudurazno.net\/canal8\/#organization"},"potentialAction":[{"@type":"SearchAction","target":{"@type":"EntryPoint","urlTemplate":"https:\/\/tudurazno.net\/canal8\/?s={search_term_string}"},"query-input":{"@type":"PropertyValueSpecification","valueRequired":true,"valueName":"search_term_string"}}],"inLanguage":"es"},{"@type":"Organization","@id":"https:\/\/tudurazno.net\/canal8\/#organization","name":"Canal Ocho Durazno","url":"https:\/\/tudurazno.net\/canal8\/","logo":{"@type":"ImageObject","inLanguage":"es","@id":"https:\/\/tudurazno.net\/canal8\/#\/schema\/logo\/image\/","url":"https:\/\/tudurazno.net\/canal8\/wp-content\/uploads\/2023\/01\/canal-8.jpg","contentUrl":"https:\/\/tudurazno.net\/canal8\/wp-content\/uploads\/2023\/01\/canal-8.jpg","width":900,"height":900,"caption":"Canal Ocho Durazno"},"image":{"@id":"https:\/\/tudurazno.net\/canal8\/#\/schema\/logo\/image\/"},"sameAs":["https:\/\/es-la.facebook.com\/telenoticiasocho\/","https:\/\/x.com\/canal8durazno"]}]}},"_links":{"self":[{"href":"https:\/\/tudurazno.net\/canal8\/wp-json\/wp\/v2\/pages\/79","targetHints":{"allow":["GET"]}}],"collection":[{"href":"https:\/\/tudurazno.net\/canal8\/wp-json\/wp\/v2\/pages"}],"about":[{"href":"https:\/\/tudurazno.net\/canal8\/wp-json\/wp\/v2\/types\/page"}],"author":[{"embeddable":true,"href":"https:\/\/tudurazno.net\/canal8\/wp-json\/wp\/v2\/users\/1"}],"replies":[{"embeddable":true,"href":"https:\/\/tudurazno.net\/canal8\/wp-json\/wp\/v2\/comments?post=79"}],"version-history":[{"count":32,"href":"https:\/\/tudurazno.net\/canal8\/wp-json\/wp\/v2\/pages\/79\/revisions"}],"predecessor-version":[{"id":257,"href":"https:\/\/tudurazno.net\/canal8\/wp-json\/wp\/v2\/pages\/79\/revisions\/257"}],"wp:featuredmedia":[{"embeddable":true,"href":"https:\/\/tudurazno.net\/canal8\/wp-json\/wp\/v2\/media\/92"}],"wp:attachment":[{"href":"https:\/\/tudurazno.net\/canal8\/wp-json\/wp\/v2\/media?parent=79"}],"curies":[{"name":"wp","href":"https:\/\/api.w.org\/{rel}","templated":true}]}}