{"id":755,"date":"2023-01-19T11:27:27","date_gmt":"2023-01-19T11:27:27","guid":{"rendered":"https:\/\/tudurazno.net\/canal6\/?page_id=755"},"modified":"2023-01-19T17:33:11","modified_gmt":"2023-01-19T17:33:11","slug":"tele-remate","status":"publish","type":"page","link":"https:\/\/tudurazno.net\/canal6\/tele-remate\/","title":{"rendered":"Tele-Remate"},"content":{"rendered":"<h1 style=\"text-align: center;\"><a role=\"button\" href=\"https:\/\/www.tele-remate.com.uy\/index.html\"><span style=\"color: #3366ff;\"><strong>Abrir p\u00e1gina de Tele-Remate<\/strong><\/span><br \/>\n<\/a><\/h1>\n<p>Tele-Remate es un proyecto en funcionamiento desde el 09\/07\/2005 que tiene como principal objetivo el brindar un servicio de compra y venta en la modalidad de subasta EN VIVO y ONLINE de mercader\u00eda consignada en un sal\u00f3n de Remate donde se puede comprar a trav\u00e9s de las l\u00edneas telef\u00f3nicas existentes adem\u00e1s de la cl\u00e1sica compra presencial.<\/p>\n<p>La mercader\u00eda va desde muebles, electrodom\u00e9sticos, antig\u00fcedades, joyas, veh\u00edculos, art\u00edculos nuevos y usados e inclusive bienes inmobiliarios y todo aquello que este en buen estado y de acuerdo a su uso se le pueda dar un destino de uso por parte del comprador.<\/p>\n<p>Se apuesta a utilizar las herramientas CANAL DE TV, INTERNET (Facebook Live) y Vera TV el cual est\u00e1 en uso permisionario por parte de la productora independiente de televisi\u00f3n, ZEBRA TV la cual tiene a su vez a cargo una programaci\u00f3n a cumplir de 24 hs. que se nutre exclusivamente de la pauta publicitaria.<\/p>\n<p>La mec\u00e1nica de funcionamiento es mostrar la mercader\u00eda existente en la semana previa al remate, y el dia asignado al mismo se recibe la puja por tel\u00e9fono y en el sal\u00f3n por parte de quienes est\u00e1n presentes en el mismo. El 90% de la venta generalmente se realiza por tel\u00e9fono y posteriormente la mercader\u00eda se entrega en el lugar o en el domicilio a trav\u00e9s de una log\u00edstica de entrega que cierra la compra.<\/p>\n<p>El sistema se ha afianzado utilizando los mecanismos de streaming de video online en internet con una plataforma de software que hicieron que el mismo se universalice a nivel nacional y adem\u00e1s por medio de la generaci\u00f3n de cat\u00e1logos enviados por la p\u00e1gina web y de forma directa por mensaje a cada uno de los contactos registrados.<\/p>\n<p>La identificaci\u00f3n principal de los potenciales compradores se hace sobre una base de datos que ya tiene el sistema (mas de 10000 contactos en lista de difusi\u00f3n por whatsapp) con los a\u00f1os de trabajo y la misma est\u00e1 compuesta por el n\u00famero telef\u00f3nico y la cedula de identidad.<\/p>\n<p>Virginia C. Tierno, Director. 098702116<br \/>\nIng. Agr. Marcelo Mondino,\u00a0Director.\u00a0099626385<\/p>\n<h1 style=\"text-align: center;\"><a role=\"button\" href=\"https:\/\/www.tele-remate.com.uy\/index.html\"><span style=\"color: #3366ff;\"><strong>Abrir p\u00e1gina de Tele-Remate<\/strong><\/span><\/a><\/h1>\n<h1 style=\"text-align: center;\"><iframe src=\"https:\/\/www.tele-remate.com.uy\/index.html\" width=\"\u201d100%\u201d\" height=\"\u201d1200\u201d\" data-mce-fragment=\"1\"><\/iframe><\/h1>\n","protected":false},"excerpt":{"rendered":"<p>Abrir p\u00e1gina de Tele-Remate Tele-Remate es un proyecto en funcionamiento desde el 09\/07\/2005 que tiene como principal objetivo el brindar un servicio de compra y venta en la modalidad de subasta EN VIVO y ONLINE de mercader\u00eda consignada en un sal\u00f3n de Remate donde se puede comprar a trav\u00e9s de las l\u00edneas telef\u00f3nicas existentes adem\u00e1s [&hellip;]<\/p>\n","protected":false},"author":1,"featured_media":813,"parent":0,"menu_order":0,"comment_status":"closed","ping_status":"closed","template":"","meta":{"footnotes":""},"class_list":["post-755","page","type-page","status-publish","has-post-thumbnail","czr-hentry"],"yoast_head":"<!-- This site is optimized with the Yoast SEO plugin v27.5 - https:\/\/yoast.com\/product\/yoast-seo-wordpress\/ -->\n<title>Tele-Remate - Canal 6 Durazno<\/title>\n<meta name=\"robots\" content=\"index, follow, max-snippet:-1, max-image-preview:large, max-video-preview:-1\" \/>\n<link rel=\"canonical\" href=\"https:\/\/tudurazno.net\/canal6\/tele-remate\/\" \/>\n<meta property=\"og:locale\" content=\"es_ES\" \/>\n<meta property=\"og:type\" content=\"article\" \/>\n<meta property=\"og:title\" content=\"Tele-Remate - Canal 6 Durazno\" \/>\n<meta property=\"og:description\" content=\"Abrir p\u00e1gina de Tele-Remate Tele-Remate es un proyecto en funcionamiento desde el 09\/07\/2005 que tiene como principal objetivo el brindar un servicio de compra y venta en la modalidad de subasta EN VIVO y ONLINE de mercader\u00eda consignada en un sal\u00f3n de Remate donde se puede comprar a trav\u00e9s de las l\u00edneas telef\u00f3nicas existentes adem\u00e1s [&hellip;]\" \/>\n<meta property=\"og:url\" content=\"https:\/\/tudurazno.net\/canal6\/tele-remate\/\" \/>\n<meta property=\"og:site_name\" content=\"Canal 6 Durazno\" \/>\n<meta property=\"article:modified_time\" content=\"2023-01-19T17:33:11+00:00\" \/>\n<meta property=\"og:image\" content=\"https:\/\/tudurazno.net\/canal6\/wp-content\/uploads\/2023\/01\/TELE-REMATE-LOGO2.png\" \/>\n\t<meta property=\"og:image:width\" content=\"439\" \/>\n\t<meta property=\"og:image:height\" content=\"271\" \/>\n\t<meta property=\"og:image:type\" content=\"image\/png\" \/>\n<meta name=\"twitter:card\" content=\"summary_large_image\" \/>\n<meta name=\"twitter:label1\" content=\"Tiempo de lectura\" \/>\n\t<meta name=\"twitter:data1\" content=\"2 minutos\" \/>\n<script type=\"application\/ld+json\" class=\"yoast-schema-graph\">{\"@context\":\"https:\\\/\\\/schema.org\",\"@graph\":[{\"@type\":\"WebPage\",\"@id\":\"https:\\\/\\\/tudurazno.net\\\/canal6\\\/tele-remate\\\/\",\"url\":\"https:\\\/\\\/tudurazno.net\\\/canal6\\\/tele-remate\\\/\",\"name\":\"Tele-Remate - Canal 6 Durazno\",\"isPartOf\":{\"@id\":\"https:\\\/\\\/tudurazno.net\\\/canal6\\\/#website\"},\"primaryImageOfPage\":{\"@id\":\"https:\\\/\\\/tudurazno.net\\\/canal6\\\/tele-remate\\\/#primaryimage\"},\"image\":{\"@id\":\"https:\\\/\\\/tudurazno.net\\\/canal6\\\/tele-remate\\\/#primaryimage\"},\"thumbnailUrl\":\"https:\\\/\\\/tudurazno.net\\\/canal6\\\/wp-content\\\/uploads\\\/2023\\\/01\\\/TELE-REMATE-LOGO2.png\",\"datePublished\":\"2023-01-19T11:27:27+00:00\",\"dateModified\":\"2023-01-19T17:33:11+00:00\",\"breadcrumb\":{\"@id\":\"https:\\\/\\\/tudurazno.net\\\/canal6\\\/tele-remate\\\/#breadcrumb\"},\"inLanguage\":\"es\",\"potentialAction\":[{\"@type\":\"ReadAction\",\"target\":[\"https:\\\/\\\/tudurazno.net\\\/canal6\\\/tele-remate\\\/\"]}]},{\"@type\":\"ImageObject\",\"inLanguage\":\"es\",\"@id\":\"https:\\\/\\\/tudurazno.net\\\/canal6\\\/tele-remate\\\/#primaryimage\",\"url\":\"https:\\\/\\\/tudurazno.net\\\/canal6\\\/wp-content\\\/uploads\\\/2023\\\/01\\\/TELE-REMATE-LOGO2.png\",\"contentUrl\":\"https:\\\/\\\/tudurazno.net\\\/canal6\\\/wp-content\\\/uploads\\\/2023\\\/01\\\/TELE-REMATE-LOGO2.png\",\"width\":439,\"height\":271},{\"@type\":\"BreadcrumbList\",\"@id\":\"https:\\\/\\\/tudurazno.net\\\/canal6\\\/tele-remate\\\/#breadcrumb\",\"itemListElement\":[{\"@type\":\"ListItem\",\"position\":1,\"name\":\"Portada\",\"item\":\"https:\\\/\\\/tudurazno.net\\\/canal6\\\/\"},{\"@type\":\"ListItem\",\"position\":2,\"name\":\"Tele-Remate\"}]},{\"@type\":\"WebSite\",\"@id\":\"https:\\\/\\\/tudurazno.net\\\/canal6\\\/#website\",\"url\":\"https:\\\/\\\/tudurazno.net\\\/canal6\\\/\",\"name\":\"Canal 6 Durazno\",\"description\":\"Canal 6 de Y\u00ed Visi\u00f3n TV Cable - Zebra Televisi\u00f3n\",\"publisher\":{\"@id\":\"https:\\\/\\\/tudurazno.net\\\/canal6\\\/#organization\"},\"potentialAction\":[{\"@type\":\"SearchAction\",\"target\":{\"@type\":\"EntryPoint\",\"urlTemplate\":\"https:\\\/\\\/tudurazno.net\\\/canal6\\\/?s={search_term_string}\"},\"query-input\":{\"@type\":\"PropertyValueSpecification\",\"valueRequired\":true,\"valueName\":\"search_term_string\"}}],\"inLanguage\":\"es\"},{\"@type\":\"Organization\",\"@id\":\"https:\\\/\\\/tudurazno.net\\\/canal6\\\/#organization\",\"name\":\"Canal 6 Durazno - Zebra Televisi\u00f3n\",\"url\":\"https:\\\/\\\/tudurazno.net\\\/canal6\\\/\",\"logo\":{\"@type\":\"ImageObject\",\"inLanguage\":\"es\",\"@id\":\"https:\\\/\\\/tudurazno.net\\\/canal6\\\/#\\\/schema\\\/logo\\\/image\\\/\",\"url\":\"https:\\\/\\\/tudurazno.net\\\/canal6\\\/wp-content\\\/uploads\\\/2018\\\/05\\\/cropped-logo.jpg\",\"contentUrl\":\"https:\\\/\\\/tudurazno.net\\\/canal6\\\/wp-content\\\/uploads\\\/2018\\\/05\\\/cropped-logo.jpg\",\"width\":512,\"height\":512,\"caption\":\"Canal 6 Durazno - Zebra Televisi\u00f3n\"},\"image\":{\"@id\":\"https:\\\/\\\/tudurazno.net\\\/canal6\\\/#\\\/schema\\\/logo\\\/image\\\/\"}}]}<\/script>\n<!-- \/ Yoast SEO plugin. -->","yoast_head_json":{"title":"Tele-Remate - Canal 6 Durazno","robots":{"index":"index","follow":"follow","max-snippet":"max-snippet:-1","max-image-preview":"max-image-preview:large","max-video-preview":"max-video-preview:-1"},"canonical":"https:\/\/tudurazno.net\/canal6\/tele-remate\/","og_locale":"es_ES","og_type":"article","og_title":"Tele-Remate - Canal 6 Durazno","og_description":"Abrir p\u00e1gina de Tele-Remate Tele-Remate es un proyecto en funcionamiento desde el 09\/07\/2005 que tiene como principal objetivo el brindar un servicio de compra y venta en la modalidad de subasta EN VIVO y ONLINE de mercader\u00eda consignada en un sal\u00f3n de Remate donde se puede comprar a trav\u00e9s de las l\u00edneas telef\u00f3nicas existentes adem\u00e1s [&hellip;]","og_url":"https:\/\/tudurazno.net\/canal6\/tele-remate\/","og_site_name":"Canal 6 Durazno","article_modified_time":"2023-01-19T17:33:11+00:00","og_image":[{"width":439,"height":271,"url":"https:\/\/tudurazno.net\/canal6\/wp-content\/uploads\/2023\/01\/TELE-REMATE-LOGO2.png","type":"image\/png"}],"twitter_card":"summary_large_image","twitter_misc":{"Tiempo de lectura":"2 minutos"},"schema":{"@context":"https:\/\/schema.org","@graph":[{"@type":"WebPage","@id":"https:\/\/tudurazno.net\/canal6\/tele-remate\/","url":"https:\/\/tudurazno.net\/canal6\/tele-remate\/","name":"Tele-Remate - Canal 6 Durazno","isPartOf":{"@id":"https:\/\/tudurazno.net\/canal6\/#website"},"primaryImageOfPage":{"@id":"https:\/\/tudurazno.net\/canal6\/tele-remate\/#primaryimage"},"image":{"@id":"https:\/\/tudurazno.net\/canal6\/tele-remate\/#primaryimage"},"thumbnailUrl":"https:\/\/tudurazno.net\/canal6\/wp-content\/uploads\/2023\/01\/TELE-REMATE-LOGO2.png","datePublished":"2023-01-19T11:27:27+00:00","dateModified":"2023-01-19T17:33:11+00:00","breadcrumb":{"@id":"https:\/\/tudurazno.net\/canal6\/tele-remate\/#breadcrumb"},"inLanguage":"es","potentialAction":[{"@type":"ReadAction","target":["https:\/\/tudurazno.net\/canal6\/tele-remate\/"]}]},{"@type":"ImageObject","inLanguage":"es","@id":"https:\/\/tudurazno.net\/canal6\/tele-remate\/#primaryimage","url":"https:\/\/tudurazno.net\/canal6\/wp-content\/uploads\/2023\/01\/TELE-REMATE-LOGO2.png","contentUrl":"https:\/\/tudurazno.net\/canal6\/wp-content\/uploads\/2023\/01\/TELE-REMATE-LOGO2.png","width":439,"height":271},{"@type":"BreadcrumbList","@id":"https:\/\/tudurazno.net\/canal6\/tele-remate\/#breadcrumb","itemListElement":[{"@type":"ListItem","position":1,"name":"Portada","item":"https:\/\/tudurazno.net\/canal6\/"},{"@type":"ListItem","position":2,"name":"Tele-Remate"}]},{"@type":"WebSite","@id":"https:\/\/tudurazno.net\/canal6\/#website","url":"https:\/\/tudurazno.net\/canal6\/","name":"Canal 6 Durazno","description":"Canal 6 de Y\u00ed Visi\u00f3n TV Cable - Zebra Televisi\u00f3n","publisher":{"@id":"https:\/\/tudurazno.net\/canal6\/#organization"},"potentialAction":[{"@type":"SearchAction","target":{"@type":"EntryPoint","urlTemplate":"https:\/\/tudurazno.net\/canal6\/?s={search_term_string}"},"query-input":{"@type":"PropertyValueSpecification","valueRequired":true,"valueName":"search_term_string"}}],"inLanguage":"es"},{"@type":"Organization","@id":"https:\/\/tudurazno.net\/canal6\/#organization","name":"Canal 6 Durazno - Zebra Televisi\u00f3n","url":"https:\/\/tudurazno.net\/canal6\/","logo":{"@type":"ImageObject","inLanguage":"es","@id":"https:\/\/tudurazno.net\/canal6\/#\/schema\/logo\/image\/","url":"https:\/\/tudurazno.net\/canal6\/wp-content\/uploads\/2018\/05\/cropped-logo.jpg","contentUrl":"https:\/\/tudurazno.net\/canal6\/wp-content\/uploads\/2018\/05\/cropped-logo.jpg","width":512,"height":512,"caption":"Canal 6 Durazno - Zebra Televisi\u00f3n"},"image":{"@id":"https:\/\/tudurazno.net\/canal6\/#\/schema\/logo\/image\/"}}]}},"_links":{"self":[{"href":"https:\/\/tudurazno.net\/canal6\/wp-json\/wp\/v2\/pages\/755","targetHints":{"allow":["GET"]}}],"collection":[{"href":"https:\/\/tudurazno.net\/canal6\/wp-json\/wp\/v2\/pages"}],"about":[{"href":"https:\/\/tudurazno.net\/canal6\/wp-json\/wp\/v2\/types\/page"}],"author":[{"embeddable":true,"href":"https:\/\/tudurazno.net\/canal6\/wp-json\/wp\/v2\/users\/1"}],"replies":[{"embeddable":true,"href":"https:\/\/tudurazno.net\/canal6\/wp-json\/wp\/v2\/comments?post=755"}],"version-history":[{"count":27,"href":"https:\/\/tudurazno.net\/canal6\/wp-json\/wp\/v2\/pages\/755\/revisions"}],"predecessor-version":[{"id":868,"href":"https:\/\/tudurazno.net\/canal6\/wp-json\/wp\/v2\/pages\/755\/revisions\/868"}],"wp:featuredmedia":[{"embeddable":true,"href":"https:\/\/tudurazno.net\/canal6\/wp-json\/wp\/v2\/media\/813"}],"wp:attachment":[{"href":"https:\/\/tudurazno.net\/canal6\/wp-json\/wp\/v2\/media?parent=755"}],"curies":[{"name":"wp","href":"https:\/\/api.w.org\/{rel}","templated":true}]}}